{"id":1105,"date":"2025-03-04T12:22:09","date_gmt":"2025-03-04T15:22:09","guid":{"rendered":"https:\/\/isfdyt74-bue.infd.edu.ar\/sitio\/?page_id=1105"},"modified":"2025-03-06T20:54:15","modified_gmt":"2025-03-06T23:54:15","slug":"estudiantes-inscripcion-a-unidades-curriculares-2025","status":"publish","type":"page","link":"https:\/\/isfdyt74-bue.infd.edu.ar\/sitio\/estudiantes-inscripcion-a-unidades-curriculares-2025\/","title":{"rendered":"Estudiantes &#8211; Inscripci\u00f3n a Unidades Curriculares 2025"},"content":{"rendered":"\n<p class=\"has-text-align-center has-base-3-background-color has-background has-large-font-size\"><img decoding=\"async\" loading=\"lazy\" width=\"1131\" height=\"1600\" class=\"wp-image-1106\" style=\"width: 300px;\" src=\"https:\/\/isfdyt74-bue.infd.edu.ar\/sitio\/wp-content\/uploads\/2025\/03\/WhatsApp-Image-2025-02-28-at-8.18.58-AM.jpeg\" alt=\"\" srcset=\"https:\/\/isfdyt74-bue.infd.edu.ar\/sitio\/wp-content\/uploads\/2025\/03\/WhatsApp-Image-2025-02-28-at-8.18.58-AM.jpeg 1131w, https:\/\/isfdyt74-bue.infd.edu.ar\/sitio\/wp-content\/uploads\/2025\/03\/WhatsApp-Image-2025-02-28-at-8.18.58-AM-707x1000.jpeg 707w, https:\/\/isfdyt74-bue.infd.edu.ar\/sitio\/wp-content\/uploads\/2025\/03\/WhatsApp-Image-2025-02-28-at-8.18.58-AM-768x1086.jpeg 768w, https:\/\/isfdyt74-bue.infd.edu.ar\/sitio\/wp-content\/uploads\/2025\/03\/WhatsApp-Image-2025-02-28-at-8.18.58-AM-1086x1536.jpeg 1086w\" sizes=\"(max-width: 1131px) 100vw, 1131px\" \/><\/p>\n\n\n\n<p class=\"has-medium-font-size\"><strong>ISFD y T N\u00ba 74 &#8211; General Belgrano<\/strong><\/p>\n\n\n\n<p><a href=\"https:\/\/docs.google.com\/forms\/d\/e\/1FAIpQLScHjoQIZS_NfKVcg4d3h7Xh_76KmeITRDsKtzXmD_8t3GHWaw\/viewform?usp=preview\">Profesorado de Educaci\u00f3n Primaria 1\u00ba A\u00f1o<\/a><\/p>\n\n\n\n<p class=\"has-base-2-background-color has-background\"><a href=\"https:\/\/docs.google.com\/forms\/d\/e\/1FAIpQLSdZCWVloYYFOOikRqMRAS5y-uWqtjtUbOIzoDs10Cgi6pQnmA\/viewform?usp=sharing\">Profesorado de Educaci\u00f3n Primaria 2\u00ba A\u00f1<\/a>o<\/p>\n\n\n\n<p><a href=\"https:\/\/docs.google.com\/forms\/d\/e\/1FAIpQLSd7czToigfDDrcvzrtOR6SgN7G1qhZBoj4No5f9oLAIFhVS6Q\/viewform?usp=sharing\">Profesorado de Educaci\u00f3n Primaria 3\u00ba A\u00f1o<\/a><\/p>\n\n\n\n<p class=\"has-base-2-background-color has-background\"><a href=\"https:\/\/docs.google.com\/forms\/d\/e\/1FAIpQLScHrdW2TO61039CImT61iRpY7lyJ7ULx3-FQIlM06zDAQkZWg\/viewform?usp=sharing\">Profesorado de Educaci\u00f3n Primaria 4\u00ba A\u00f1o<\/a><\/p>\n\n\n\n<p><a href=\"https:\/\/docs.google.com\/forms\/d\/e\/1FAIpQLSd-f4iyYFiea6e92pwLnLWocX6WdknVsY3cttdhdNbx-Z-VQg\/viewform?usp=sharing\">Profesorado de Educaci\u00f3n Secundaria en Qu\u00edmica 4\u00ba A\u00f1o<\/a><\/p>\n\n\n\n<p class=\"has-base-2-background-color has-background\"><a href=\"https:\/\/docs.google.com\/forms\/d\/e\/1FAIpQLSel1Y4Tc8DoJ0MgZADjh84TFaRPLj5bJ0kIysfVBv9cNf97MQ\/viewform?usp=sharing\">Profesorado de Educaci\u00f3n Secundaria en Historia 1\u00ba A\u00f1o<\/a><\/p>\n\n\n\n<p><a href=\"https:\/\/docs.google.com\/forms\/d\/e\/1FAIpQLSecIpvn2QKhA8K3MRIL0I819FmXiCOJ1EC4KdBLOGVNTzSBVQ\/viewform?usp=sharing\">Profesorado de Educaci\u00f3n Secundaria en Historia 2\u00ba A\u00f1o<\/a><\/p>\n\n\n\n<p class=\"has-base-2-background-color has-background\"><a href=\"https:\/\/docs.google.com\/forms\/d\/e\/1FAIpQLSdI3WFYyMxGKYm9vKzu1U2RR9o3RevEb5GiaqoZqpaMIwyumw\/viewform?usp=sharing\">Tecnicatura en Psicopedagog\u00eda 3\u00ba A\u00f1o<\/a><\/p>\n\n\n\n<p><a href=\"https:\/\/docs.google.com\/forms\/d\/e\/1FAIpQLSdMqrfFz_bA30fzYOruEgR9e-bsJRJMKKmGp1pRDeyVHHOrFw\/viewform?usp=sharing\">Tecnicatura en Administraci\u00f3n de Pymes 1\u00ba A\u00f1o &#8211; Plan Nuevo<\/a><\/p>\n\n\n\n<p class=\"has-base-2-background-color has-background\"><a href=\"https:\/\/docs.google.com\/forms\/d\/e\/1FAIpQLScVHsoVZcMgazr8lp8a7FL_5Zfwnp3-gQTdS1aKZ8ASEbVl0Q\/viewform?usp=sharing\">Tecnicatura en Administraci\u00f3n de Pymes 2\u00ba A\u00f1o &#8211; Plan Nuevo<\/a><\/p>\n\n\n\n<p><a href=\"https:\/\/docs.google.com\/forms\/d\/e\/1FAIpQLSd21KwxHiA0owpXnkE6oaHgJI3SHlKBLLjttp8DpKXyNvLstg\/viewform?usp=sharing\">Tecnicatura en Administraci\u00f3n de Pymes 3\u00ba A\u00f1o &#8211; Plan 2003<\/a><\/p>\n\n\n\n<p class=\"has-base-2-background-color has-background\"><a href=\"https:\/\/docs.google.com\/forms\/d\/e\/1FAIpQLSeRGbD0nQzEyJ1Y_1vW3MiscH6nsgXVsI68_tfiM4rzf3eAwg\/viewform?usp=sharing\">Tecnicatura en Pr\u00e1cticas Deportivas 2\u00ba A\u00f1o<\/a><\/p>\n\n\n\n<p class=\"has-medium-font-size\"><strong>Anexo 2740 &#8211; Pila<\/strong><\/p>\n\n\n\n<p><a href=\"https:\/\/docs.google.com\/forms\/d\/e\/1FAIpQLSe1PgWKBPGyS_AchbL1713xy87NvHUSqV2jlrmYW7t3KSKcCw\/viewform?usp=sharing\">Profesorado de Educaci\u00f3n Primaria 2\u00ba A\u00f1o<\/a> &#8211; PILA<\/p>\n\n\n\n<p class=\"has-base-2-background-color has-background\"><a href=\"https:\/\/docs.google.com\/forms\/d\/e\/1FAIpQLSc4I2TEK9AHM1xJ15S7-Qc-YCEXXeqtBDYtJvvb9USK-lgBxg\/viewform?usp=sharing\">Profesorado de Educaci\u00f3n Secundaria en Lengua y Literatura 4\u00ba A\u00f1o<\/a> &#8211; PILA<\/p>\n\n\n\n<p><a href=\"https:\/\/docs.google.com\/forms\/d\/e\/1FAIpQLSd7SPDTCC5pXHHI_xc6luOD6eNOi4M0Lso2LCRIjV69EXFoCg\/viewform?usp=sharing\">Tecnicatura superior en Acompa\u00f1amiento Terap\u00e9utico 3\u00ba A\u00f1o<\/a> &#8211; PILA<\/p>\n\n\n\n<p><\/p>\n\n\n\n<p><\/p>\n\n\n\n<p><\/p>\n","protected":false},"excerpt":{"rendered":"<p>ISFD y T N\u00ba 74 &#8211; General Belgrano Profesorado de Educaci\u00f3n Primaria 1\u00ba A\u00f1o Profesorado de Educaci\u00f3n Primaria 2\u00ba A\u00f1o Profesorado de Educaci\u00f3n Primaria 3\u00ba A\u00f1o Profesorado de Educaci\u00f3n Primaria 4\u00ba A\u00f1o Profesorado de Educaci\u00f3n Secundaria en Qu\u00edmica 4\u00ba A\u00f1o Profesorado de Educaci\u00f3n Secundaria en Historia 1\u00ba A\u00f1o Profesorado de Educaci\u00f3n Secundaria en Historia 2\u00ba &#8230; <a title=\"Estudiantes &#8211; Inscripci\u00f3n a Unidades Curriculares 2025\" class=\"read-more\" href=\"https:\/\/isfdyt74-bue.infd.edu.ar\/sitio\/estudiantes-inscripcion-a-unidades-curriculares-2025\/\" aria-label=\"More on Estudiantes &#8211; Inscripci\u00f3n a Unidades Curriculares 2025\">[+]<\/a><\/p>\n","protected":false},"author":15,"featured_media":0,"parent":0,"menu_order":0,"comment_status":"closed","ping_status":"closed","template":"","meta":[],"acf":[],"_links":{"self":[{"href":"https:\/\/isfdyt74-bue.infd.edu.ar\/sitio\/wp-json\/wp\/v2\/pages\/1105"}],"collection":[{"href":"https:\/\/isfdyt74-bue.infd.edu.ar\/sitio\/wp-json\/wp\/v2\/pages"}],"about":[{"href":"https:\/\/isfdyt74-bue.infd.edu.ar\/sitio\/wp-json\/wp\/v2\/types\/page"}],"author":[{"embeddable":true,"href":"https:\/\/isfdyt74-bue.infd.edu.ar\/sitio\/wp-json\/wp\/v2\/users\/15"}],"replies":[{"embeddable":true,"href":"https:\/\/isfdyt74-bue.infd.edu.ar\/sitio\/wp-json\/wp\/v2\/comments?post=1105"}],"version-history":[{"count":5,"href":"https:\/\/isfdyt74-bue.infd.edu.ar\/sitio\/wp-json\/wp\/v2\/pages\/1105\/revisions"}],"predecessor-version":[{"id":1124,"href":"https:\/\/isfdyt74-bue.infd.edu.ar\/sitio\/wp-json\/wp\/v2\/pages\/1105\/revisions\/1124"}],"wp:attachment":[{"href":"https:\/\/isfdyt74-bue.infd.edu.ar\/sitio\/wp-json\/wp\/v2\/media?parent=1105"}],"curies":[{"name":"wp","href":"https:\/\/api.w.org\/{rel}","templated":true}]}}