{"id":1127,"date":"2025-03-06T22:17:50","date_gmt":"2025-03-07T01:17:50","guid":{"rendered":"https:\/\/isfdyt74-bue.infd.edu.ar\/sitio\/?page_id=1127"},"modified":"2025-03-06T22:23:12","modified_gmt":"2025-03-07T01:23:12","slug":"formularios","status":"publish","type":"page","link":"https:\/\/isfdyt74-bue.infd.edu.ar\/sitio\/formularios\/","title":{"rendered":"Formularios"},"content":{"rendered":"\n<p class=\"has-text-align-center has-text-color has-x-large-font-size\" style=\"color:#c21a1a\"><strong>P\u00e1gina en construcci\u00f3n<\/strong><\/p>\n\n\n\n<p>En esta p\u00e1gina podr\u00e1n descargar formularios de uso frecuente para estudiantes y Docentes.<\/p>\n\n\n\n<p><\/p>\n\n\n\n<p class=\"has-accent-color has-text-color has-medium-font-size\">Estudiantes<\/p>\n\n\n\n<p>Certificado de Alumno Regular<\/p>\n\n\n\n<p>Constancia General<\/p>\n\n\n\n<p>Constancia de Examen Parcial<\/p>\n\n\n\n<p>Constancia de Examen Final<\/p>\n\n\n\n<p class=\"has-accent-color has-text-color has-medium-font-size\">Docentes<\/p>\n\n\n\n<p><a href=\"https:\/\/abc.gob.ar\/sad\/sites\/default\/files\/2023-07\/_Formulario%20354%2C%20antig%C3%BCedad%20_0.pdf\">Formulario 354<\/a><\/p>\n\n\n\n<p><a href=\"https:\/\/docs.google.com\/spreadsheets\/d\/1pEDl2sXqkLAsUXTa9qC-vl2m3np0HDpv\/edit?usp=sharing&amp;ouid=114489633233908846433&amp;rtpof=true&amp;sd=true\">Declaraci\u00f3n Jurada de Cargos y M\u00f3dulos<\/a><\/p>\n\n\n\n<p><a href=\"https:\/\/drive.google.com\/file\/d\/1sfjVbjEO1nUsUAexH036Hww-9i06maON\/view?usp=sharing\">Licencias Art. 114 &#8211; 115<\/a><\/p>\n\n\n\n<p><\/p>\n\n\n\n<p><\/p>\n\n\n\n<p><\/p>\n\n\n\n<p><\/p>\n\n\n\n<p>Estudiantes; imprimir y entregar en preceptor\u00eda<\/p>\n","protected":false},"excerpt":{"rendered":"<p>P\u00e1gina en construcci\u00f3n En esta p\u00e1gina podr\u00e1n descargar formularios de uso frecuente para estudiantes y Docentes. Estudiantes Certificado de Alumno Regular Constancia General Constancia de Examen Parcial Constancia de Examen Final Docentes Formulario 354 Declaraci\u00f3n Jurada de Cargos y M\u00f3dulos Licencias Art. 114 &#8211; 115 Estudiantes; imprimir y entregar en preceptor\u00eda<\/p>\n","protected":false},"author":15,"featured_media":0,"parent":0,"menu_order":0,"comment_status":"closed","ping_status":"closed","template":"","meta":[],"acf":[],"_links":{"self":[{"href":"https:\/\/isfdyt74-bue.infd.edu.ar\/sitio\/wp-json\/wp\/v2\/pages\/1127"}],"collection":[{"href":"https:\/\/isfdyt74-bue.infd.edu.ar\/sitio\/wp-json\/wp\/v2\/pages"}],"about":[{"href":"https:\/\/isfdyt74-bue.infd.edu.ar\/sitio\/wp-json\/wp\/v2\/types\/page"}],"author":[{"embeddable":true,"href":"https:\/\/isfdyt74-bue.infd.edu.ar\/sitio\/wp-json\/wp\/v2\/users\/15"}],"replies":[{"embeddable":true,"href":"https:\/\/isfdyt74-bue.infd.edu.ar\/sitio\/wp-json\/wp\/v2\/comments?post=1127"}],"version-history":[{"count":2,"href":"https:\/\/isfdyt74-bue.infd.edu.ar\/sitio\/wp-json\/wp\/v2\/pages\/1127\/revisions"}],"predecessor-version":[{"id":1132,"href":"https:\/\/isfdyt74-bue.infd.edu.ar\/sitio\/wp-json\/wp\/v2\/pages\/1127\/revisions\/1132"}],"wp:attachment":[{"href":"https:\/\/isfdyt74-bue.infd.edu.ar\/sitio\/wp-json\/wp\/v2\/media?parent=1127"}],"curies":[{"name":"wp","href":"https:\/\/api.w.org\/{rel}","templated":true}]}}