{"id":741,"date":"2018-06-28T00:57:42","date_gmt":"2018-06-28T03:57:42","guid":{"rendered":"https:\/\/isfdyt74-bue.infd.edu.ar\/sitio\/datos-institucionales\/"},"modified":"2021-09-22T21:54:42","modified_gmt":"2021-09-23T00:54:42","slug":"datos-institucionales","status":"publish","type":"page","link":"https:\/\/isfdyt74-bue.infd.edu.ar\/sitio\/datos-institucionales\/","title":{"rendered":"Datos institucionales"},"content":{"rendered":"<ul>\n<li><span style=\"font-family: verdana; font-size: small;\">I.S.F.D.y T. N\u00ba 74<\/span><\/li>\n<li><span style=\"font-family: verdana; font-size: small;\">Horarios de atenci\u00f3n: Lunes a Viernes de 13:30 a 22:00<br \/>\n<\/span><\/li>\n<li><span style=\"font-family: verdana; font-size: small;\">Direcci\u00f3n: Avenida Espa\u00f1a N\u00ba 267 &#8211; General Belgrano<\/span><\/li>\n<li><span style=\"font-family: verdana; font-size: small;\">02243-453424<\/span><\/li>\n<li><span style=\"font-family: verdana; font-size: small;\">isfdyt74@gmail.com<\/span><\/li>\n<\/ul>\n","protected":false},"excerpt":{"rendered":"<p>I.S.F.D.y T. N\u00ba 74 Horarios de atenci\u00f3n: Lunes a Viernes de 13:30 a 22:00 Direcci\u00f3n: Avenida Espa\u00f1a N\u00ba 267 &#8211; General Belgrano 02243-453424 isfdyt74@gmail.com<\/p>\n","protected":false},"author":12,"featured_media":0,"parent":0,"menu_order":0,"comment_status":"closed","ping_status":"closed","template":"","meta":[],"acf":[],"_links":{"self":[{"href":"https:\/\/isfdyt74-bue.infd.edu.ar\/sitio\/wp-json\/wp\/v2\/pages\/741"}],"collection":[{"href":"https:\/\/isfdyt74-bue.infd.edu.ar\/sitio\/wp-json\/wp\/v2\/pages"}],"about":[{"href":"https:\/\/isfdyt74-bue.infd.edu.ar\/sitio\/wp-json\/wp\/v2\/types\/page"}],"author":[{"embeddable":true,"href":"https:\/\/isfdyt74-bue.infd.edu.ar\/sitio\/wp-json\/wp\/v2\/users\/12"}],"replies":[{"embeddable":true,"href":"https:\/\/isfdyt74-bue.infd.edu.ar\/sitio\/wp-json\/wp\/v2\/comments?post=741"}],"version-history":[{"count":2,"href":"https:\/\/isfdyt74-bue.infd.edu.ar\/sitio\/wp-json\/wp\/v2\/pages\/741\/revisions"}],"predecessor-version":[{"id":804,"href":"https:\/\/isfdyt74-bue.infd.edu.ar\/sitio\/wp-json\/wp\/v2\/pages\/741\/revisions\/804"}],"wp:attachment":[{"href":"https:\/\/isfdyt74-bue.infd.edu.ar\/sitio\/wp-json\/wp\/v2\/media?parent=741"}],"curies":[{"name":"wp","href":"https:\/\/api.w.org\/{rel}","templated":true}]}}