{"id":930,"date":"2023-08-21T11:48:44","date_gmt":"2023-08-21T14:48:44","guid":{"rendered":"https:\/\/isfdyt74-bue.infd.edu.ar\/sitio\/?page_id=930"},"modified":"2023-08-21T11:48:45","modified_gmt":"2023-08-21T14:48:45","slug":"salidas-educativas","status":"publish","type":"page","link":"https:\/\/isfdyt74-bue.infd.edu.ar\/sitio\/salidas-educativas\/","title":{"rendered":"Salidas Educativas"},"content":{"rendered":"\n<p>Seguimos ampliando y enriqueciendo nuestro capital cultural.<\/p>\n\n\n\n<p>Reflexionando sobre los espacios hist\u00f3ricamente.<\/p>\n\n\n\n<p>El 4\u00ba a\u00f1o del profesorado de educaci\u00f3n primaria, viaj\u00f3 junto al profesor Pablo Loiacono a la Ciudad de Buenos Aires<\/p>\n\n\n\n<figure class=\"wp-block-image size-full\"><img decoding=\"async\" loading=\"lazy\" width=\"1080\" height=\"655\" src=\"https:\/\/isfdyt74-bue.infd.edu.ar\/sitio\/wp-content\/uploads\/2023\/08\/WhatsApp-Image-2023-08-21-at-11.38.57-AM.jpeg\" alt=\"\" class=\"wp-image-931\" srcset=\"https:\/\/isfdyt74-bue.infd.edu.ar\/sitio\/wp-content\/uploads\/2023\/08\/WhatsApp-Image-2023-08-21-at-11.38.57-AM.jpeg 1080w, https:\/\/isfdyt74-bue.infd.edu.ar\/sitio\/wp-content\/uploads\/2023\/08\/WhatsApp-Image-2023-08-21-at-11.38.57-AM-1000x606.jpeg 1000w, https:\/\/isfdyt74-bue.infd.edu.ar\/sitio\/wp-content\/uploads\/2023\/08\/WhatsApp-Image-2023-08-21-at-11.38.57-AM-768x466.jpeg 768w\" sizes=\"(max-width: 1080px) 100vw, 1080px\" \/><figcaption class=\"wp-element-caption\"><mark style=\"background-color:rgba(0, 0, 0, 0)\" class=\"has-inline-color has-contrast-2-color\">Museo hist\u00f3rico Nacional del Cabildo y Revoluci\u00f3n de Mayo<\/mark><\/figcaption><\/figure>\n\n\n\n<figure class=\"wp-block-image size-full\"><img decoding=\"async\" loading=\"lazy\" width=\"1080\" height=\"686\" src=\"https:\/\/isfdyt74-bue.infd.edu.ar\/sitio\/wp-content\/uploads\/2023\/08\/WhatsApp-Image-2023-08-21-at-11.38.28-AM.jpeg\" alt=\"\" class=\"wp-image-933\" srcset=\"https:\/\/isfdyt74-bue.infd.edu.ar\/sitio\/wp-content\/uploads\/2023\/08\/WhatsApp-Image-2023-08-21-at-11.38.28-AM.jpeg 1080w, https:\/\/isfdyt74-bue.infd.edu.ar\/sitio\/wp-content\/uploads\/2023\/08\/WhatsApp-Image-2023-08-21-at-11.38.28-AM-1000x635.jpeg 1000w, https:\/\/isfdyt74-bue.infd.edu.ar\/sitio\/wp-content\/uploads\/2023\/08\/WhatsApp-Image-2023-08-21-at-11.38.28-AM-768x488.jpeg 768w\" sizes=\"(max-width: 1080px) 100vw, 1080px\" \/><figcaption class=\"wp-element-caption\"><mark style=\"background-color:rgba(0, 0, 0, 0)\" class=\"has-inline-color has-contrast-2-color\">Casa de Gobierno<\/mark><\/figcaption><\/figure>\n","protected":false},"excerpt":{"rendered":"<p>Seguimos ampliando y enriqueciendo nuestro capital cultural. Reflexionando sobre los espacios hist\u00f3ricamente. El 4\u00ba a\u00f1o del profesorado de educaci\u00f3n primaria, viaj\u00f3 junto al profesor Pablo Loiacono a la Ciudad de Buenos Aires<\/p>\n","protected":false},"author":15,"featured_media":0,"parent":0,"menu_order":0,"comment_status":"open","ping_status":"closed","template":"","meta":[],"acf":[],"_links":{"self":[{"href":"https:\/\/isfdyt74-bue.infd.edu.ar\/sitio\/wp-json\/wp\/v2\/pages\/930"}],"collection":[{"href":"https:\/\/isfdyt74-bue.infd.edu.ar\/sitio\/wp-json\/wp\/v2\/pages"}],"about":[{"href":"https:\/\/isfdyt74-bue.infd.edu.ar\/sitio\/wp-json\/wp\/v2\/types\/page"}],"author":[{"embeddable":true,"href":"https:\/\/isfdyt74-bue.infd.edu.ar\/sitio\/wp-json\/wp\/v2\/users\/15"}],"replies":[{"embeddable":true,"href":"https:\/\/isfdyt74-bue.infd.edu.ar\/sitio\/wp-json\/wp\/v2\/comments?post=930"}],"version-history":[{"count":1,"href":"https:\/\/isfdyt74-bue.infd.edu.ar\/sitio\/wp-json\/wp\/v2\/pages\/930\/revisions"}],"predecessor-version":[{"id":935,"href":"https:\/\/isfdyt74-bue.infd.edu.ar\/sitio\/wp-json\/wp\/v2\/pages\/930\/revisions\/935"}],"wp:attachment":[{"href":"https:\/\/isfdyt74-bue.infd.edu.ar\/sitio\/wp-json\/wp\/v2\/media?parent=930"}],"curies":[{"name":"wp","href":"https:\/\/api.w.org\/{rel}","templated":true}]}}